{"id":562,"date":"2021-02-06T20:17:21","date_gmt":"2021-02-06T19:17:21","guid":{"rendered":"http:\/\/conbiand.site\/?page_id=562"},"modified":"2021-03-02T12:20:30","modified_gmt":"2021-03-02T11:20:30","slug":"elementor-562","status":"publish","type":"page","link":"https:\/\/conbiand.site\/?page_id=562","title":{"rendered":"Elementor #562"},"content":{"rendered":"\t\t<div data-elementor-type=\"wp-page\" data-elementor-id=\"562\" class=\"elementor elementor-562\">\n\t\t\t\t\t\t<section class=\"elementor-section elementor-top-section elementor-element elementor-element-3bf9f85 elementor-section-boxed elementor-section-height-default elementor-section-height-default\" data-id=\"3bf9f85\" data-element_type=\"section\" data-e-type=\"section\">\n\t\t\t\t\t\t<div class=\"elementor-container elementor-column-gap-default\">\n\t\t\t\t\t<div class=\"elementor-column elementor-col-100 elementor-top-column elementor-element elementor-element-2c94e89\" data-id=\"2c94e89\" data-element_type=\"column\" data-e-type=\"column\">\n\t\t\t<div class=\"elementor-widget-wrap elementor-element-populated\">\n\t\t\t\t\t\t<div class=\"elementor-element elementor-element-fe7705d elementor-widget elementor-widget-heading\" data-id=\"fe7705d\" data-element_type=\"widget\" data-e-type=\"widget\" data-widget_type=\"heading.default\">\n\t\t\t\t<div class=\"elementor-widget-container\">\n\t\t\t\t\t<h2 class=\"elementor-heading-title elementor-size-default\">Publicaciones <\/h2>\t\t\t\t<\/div>\n\t\t\t\t<\/div>\n\t\t\t\t\t<\/div>\n\t\t<\/div>\n\t\t\t\t\t<\/div>\n\t\t<\/section>\n\t\t\t\t<section class=\"elementor-section elementor-top-section elementor-element elementor-element-9e1b8a3 elementor-section-boxed elementor-section-height-default elementor-section-height-default\" data-id=\"9e1b8a3\" data-element_type=\"section\" data-e-type=\"section\">\n\t\t\t\t\t\t<div class=\"elementor-container elementor-column-gap-default\">\n\t\t\t\t\t<div class=\"elementor-column elementor-col-100 elementor-top-column elementor-element elementor-element-7de7384\" data-id=\"7de7384\" data-element_type=\"column\" data-e-type=\"column\">\n\t\t\t<div class=\"elementor-widget-wrap elementor-element-populated\">\n\t\t\t\t\t\t<div class=\"elementor-element elementor-element-f560342 elementor-widget-divider--view-line elementor-widget elementor-widget-divider\" data-id=\"f560342\" data-element_type=\"widget\" data-e-type=\"widget\" data-widget_type=\"divider.default\">\n\t\t\t\t<div class=\"elementor-widget-container\">\n\t\t\t\t\t\t\t<div class=\"elementor-divider\">\n\t\t\t<span class=\"elementor-divider-separator\">\n\t\t\t\t\t\t<\/span>\n\t\t<\/div>\n\t\t\t\t\t\t<\/div>\n\t\t\t\t<\/div>\n\t\t\t\t\t<\/div>\n\t\t<\/div>\n\t\t\t\t\t<\/div>\n\t\t<\/section>\n\t\t\t\t<section class=\"elementor-section elementor-top-section elementor-element elementor-element-831468e elementor-section-boxed elementor-section-height-default elementor-section-height-default\" data-id=\"831468e\" data-element_type=\"section\" data-e-type=\"section\">\n\t\t\t\t\t\t<div class=\"elementor-container elementor-column-gap-default\">\n\t\t\t\t\t<div class=\"elementor-column elementor-col-100 elementor-top-column elementor-element elementor-element-0f3e0b6\" data-id=\"0f3e0b6\" data-element_type=\"column\" data-e-type=\"column\">\n\t\t\t<div class=\"elementor-widget-wrap elementor-element-populated\">\n\t\t\t\t\t\t<div class=\"elementor-element elementor-element-2d1f8b4 elementor-widget elementor-widget-text-editor\" data-id=\"2d1f8b4\" data-element_type=\"widget\" data-e-type=\"widget\" data-widget_type=\"text-editor.default\">\n\t\t\t\t<div class=\"elementor-widget-container\">\n\t\t\t\t\t\t\t\t\t<p>Los miembros de la Red CONBIAND tienen una actividad cient\u00edfica que se refleja en su participaci\u00f3n en congresos, direcci\u00f3n de tesis doctorales y publicaci\u00f3n en colaboraci\u00f3n con otros autores en revistas de marcado inter\u00e9s cient\u00edfico.<\/p>\t\t\t\t\t\t\t\t<\/div>\n\t\t\t\t<\/div>\n\t\t\t\t\t<\/div>\n\t\t<\/div>\n\t\t\t\t\t<\/div>\n\t\t<\/section>\n\t\t\t\t<section class=\"elementor-section elementor-top-section elementor-element elementor-element-212e57e elementor-section-boxed elementor-section-height-default elementor-section-height-default\" data-id=\"212e57e\" data-element_type=\"section\" data-e-type=\"section\">\n\t\t\t\t\t\t<div class=\"elementor-container elementor-column-gap-default\">\n\t\t\t\t\t<div class=\"elementor-column elementor-col-50 elementor-top-column elementor-element elementor-element-e7c25e7\" data-id=\"e7c25e7\" data-element_type=\"column\" data-e-type=\"column\">\n\t\t\t<div class=\"elementor-widget-wrap elementor-element-populated\">\n\t\t\t\t\t\t<div class=\"elementor-element elementor-element-5537d9a elementor-widget elementor-widget-image\" data-id=\"5537d9a\" data-element_type=\"widget\" data-e-type=\"widget\" data-widget_type=\"image.default\">\n\t\t\t\t<div class=\"elementor-widget-container\">\n\t\t\t\t\t\t\t\t\t\t\t\t\t\t\t\t<a href=\"https:\/\/aicarevista.jimdo.com\/\">\n\t\t\t\t\t\t\t<img fetchpriority=\"high\" decoding=\"async\" width=\"300\" height=\"300\" src=\"https:\/\/conbiand.site\/wp-content\/uploads\/2021\/03\/AICA2-300x300.jpg\" class=\"attachment-medium size-medium wp-image-806\" alt=\"\" srcset=\"https:\/\/conbiand.site\/wp-content\/uploads\/2021\/03\/AICA2-300x300.jpg 300w, https:\/\/conbiand.site\/wp-content\/uploads\/2021\/03\/AICA2-150x150.jpg 150w, https:\/\/conbiand.site\/wp-content\/uploads\/2021\/03\/AICA2.jpg 364w\" sizes=\"(max-width: 300px) 100vw, 300px\" \/>\t\t\t\t\t\t\t\t<\/a>\n\t\t\t\t\t\t\t\t\t\t\t\t\t\t\t<\/div>\n\t\t\t\t<\/div>\n\t\t\t\t\t<\/div>\n\t\t<\/div>\n\t\t\t\t<div class=\"elementor-column elementor-col-50 elementor-top-column elementor-element elementor-element-66c7274\" data-id=\"66c7274\" data-element_type=\"column\" data-e-type=\"column\">\n\t\t\t<div class=\"elementor-widget-wrap elementor-element-populated\">\n\t\t\t\t\t\t<div class=\"elementor-element elementor-element-c323d31 elementor-widget elementor-widget-text-editor\" data-id=\"c323d31\" data-element_type=\"widget\" data-e-type=\"widget\" data-widget_type=\"text-editor.default\">\n\t\t\t\t<div class=\"elementor-widget-container\">\n\t\t\t\t\t\t\t\t\t<div class=\"left\"><h3><a href=\"https:\/\/aicarevista.jimdo.com\/\">Revista AICA<\/a><\/h3><p><strong>Actas Iberoamericanas de Conservaci\u00f3n Animal (AICA)<\/strong> es la revista oficial de la Red CONBIAND.<br \/>Es la publicaci\u00f3n cient\u00edfica aprobada en el simposio celebrado en Panam\u00e1 en el a\u00f1o 2011.<br \/><span class=\"hps\">El objetivo<\/span>\u00a0<span class=\"hps\">de AICA<\/span>\u00a0<span class=\"hps\">es implementar<\/span>\u00a0<span class=\"hps\">una biblioteca<\/span>\u00a0<span class=\"hps\">electr\u00f3nica, que proporcione<\/span>\u00a0<span class=\"hps\">acceso completo<\/span>\u00a0<span class=\"hps\">a una colecci\u00f3n<\/span>\u00a0de\u00a0<span class=\"hps\">n\u00fameros publicados<\/span>, as\u00ed como\u00a0<span class=\"hps\">al texto<\/span>\u00a0<span class=\"hps\">completo de los art\u00edculos<\/span>.<\/p><\/div>\t\t\t\t\t\t\t\t<\/div>\n\t\t\t\t<\/div>\n\t\t\t\t\t<\/div>\n\t\t<\/div>\n\t\t\t\t\t<\/div>\n\t\t<\/section>\n\t\t\t\t<section class=\"elementor-section elementor-top-section elementor-element elementor-element-915ffdb elementor-section-boxed elementor-section-height-default elementor-section-height-default\" data-id=\"915ffdb\" data-element_type=\"section\" data-e-type=\"section\">\n\t\t\t\t\t\t<div class=\"elementor-container elementor-column-gap-default\">\n\t\t\t\t\t<div class=\"elementor-column elementor-col-50 elementor-top-column elementor-element elementor-element-5de4d27\" data-id=\"5de4d27\" data-element_type=\"column\" data-e-type=\"column\">\n\t\t\t<div class=\"elementor-widget-wrap elementor-element-populated\">\n\t\t\t\t\t\t<div class=\"elementor-element elementor-element-3ca6407 elementor-widget elementor-widget-text-editor\" data-id=\"3ca6407\" data-element_type=\"widget\" data-e-type=\"widget\" data-widget_type=\"text-editor.default\">\n\t\t\t\t<div class=\"elementor-widget-container\">\n\t\t\t\t\t\t\t\t\t<div class=\"left\">\n<h3><a href=\"https:\/\/conbiand.site\/?page_id=570\">T<span class=\"auto-style1\">esis Doctorales<\/span><\/a><\/h3>\nLa tesis doctoral es la culminaci\u00f3n de un proceso de aprendizaje que desembocar\u00e1 en la consecuci\u00f3n del t\u00edtulo de Doctor.<br>\nEn el seno de la Red se ha realizado numerosas\u00a0 tesis doctorales que tratan sobre la conservaci\u00f3n de los recursos gen\u00e9ticos locales.\n\n<\/div>\t\t\t\t\t\t\t\t<\/div>\n\t\t\t\t<\/div>\n\t\t\t\t\t<\/div>\n\t\t<\/div>\n\t\t\t\t<div class=\"elementor-column elementor-col-50 elementor-top-column elementor-element elementor-element-5e16472\" data-id=\"5e16472\" data-element_type=\"column\" data-e-type=\"column\">\n\t\t\t<div class=\"elementor-widget-wrap elementor-element-populated\">\n\t\t\t\t\t\t<div class=\"elementor-element elementor-element-8bfe755 elementor-widget elementor-widget-image\" data-id=\"8bfe755\" data-element_type=\"widget\" data-e-type=\"widget\" data-widget_type=\"image.default\">\n\t\t\t\t<div class=\"elementor-widget-container\">\n\t\t\t\t\t\t\t\t\t\t\t\t\t\t\t<img decoding=\"async\" width=\"700\" height=\"467\" src=\"https:\/\/conbiand.site\/wp-content\/uploads\/2021\/02\/Tesis.jpg\" class=\"attachment-large size-large wp-image-564\" alt=\"\" srcset=\"https:\/\/conbiand.site\/wp-content\/uploads\/2021\/02\/Tesis.jpg 700w, https:\/\/conbiand.site\/wp-content\/uploads\/2021\/02\/Tesis-300x200.jpg 300w\" sizes=\"(max-width: 700px) 100vw, 700px\" \/>\t\t\t\t\t\t\t\t\t\t\t\t\t\t\t<\/div>\n\t\t\t\t<\/div>\n\t\t\t\t\t<\/div>\n\t\t<\/div>\n\t\t\t\t\t<\/div>\n\t\t<\/section>\n\t\t\t\t<section class=\"elementor-section elementor-top-section elementor-element elementor-element-91e3559 elementor-section-boxed elementor-section-height-default elementor-section-height-default\" data-id=\"91e3559\" data-element_type=\"section\" data-e-type=\"section\">\n\t\t\t\t\t\t<div class=\"elementor-container elementor-column-gap-default\">\n\t\t\t\t\t<div class=\"elementor-column elementor-col-33 elementor-top-column elementor-element elementor-element-3b6d5ff\" data-id=\"3b6d5ff\" data-element_type=\"column\" data-e-type=\"column\">\n\t\t\t<div class=\"elementor-widget-wrap elementor-element-populated\">\n\t\t\t\t\t\t<div class=\"elementor-element elementor-element-b9b7afc elementor-widget elementor-widget-image\" data-id=\"b9b7afc\" data-element_type=\"widget\" data-e-type=\"widget\" data-widget_type=\"image.default\">\n\t\t\t\t<div class=\"elementor-widget-container\">\n\t\t\t\t\t\t\t\t\t\t\t\t\t\t\t<img decoding=\"async\" width=\"350\" height=\"132\" src=\"https:\/\/conbiand.site\/wp-content\/uploads\/2021\/02\/libros.jpg\" class=\"attachment-large size-large wp-image-565\" alt=\"\" srcset=\"https:\/\/conbiand.site\/wp-content\/uploads\/2021\/02\/libros.jpg 350w, https:\/\/conbiand.site\/wp-content\/uploads\/2021\/02\/libros-300x113.jpg 300w\" sizes=\"(max-width: 350px) 100vw, 350px\" \/>\t\t\t\t\t\t\t\t\t\t\t\t\t\t\t<\/div>\n\t\t\t\t<\/div>\n\t\t\t\t\t<\/div>\n\t\t<\/div>\n\t\t\t\t<div class=\"elementor-column elementor-col-66 elementor-top-column elementor-element elementor-element-609f9f9\" data-id=\"609f9f9\" data-element_type=\"column\" data-e-type=\"column\">\n\t\t\t<div class=\"elementor-widget-wrap elementor-element-populated\">\n\t\t\t\t\t\t<div class=\"elementor-element elementor-element-ada8a79 elementor-widget elementor-widget-text-editor\" data-id=\"ada8a79\" data-element_type=\"widget\" data-e-type=\"widget\" data-widget_type=\"text-editor.default\">\n\t\t\t\t<div class=\"elementor-widget-container\">\n\t\t\t\t\t\t\t\t\t<h3><a href=\"https:\/\/conbiand.site\/?page_id=711\"><strong>LIBROS Y OTRAS PUBLICACIONES CIENT\u00cdFICAS<\/strong><\/a><\/h3><p>El \u00faltimo paso de la investigaci\u00f3n es la publicaci\u00f3n del trabajo realizado para poner a disposici\u00f3n de toda la comunidad cient\u00edfica y de la sociedad el conocimiento adquirido.<\/p>\t\t\t\t\t\t\t\t<\/div>\n\t\t\t\t<\/div>\n\t\t\t\t\t<\/div>\n\t\t<\/div>\n\t\t\t\t\t<\/div>\n\t\t<\/section>\n\t\t\t\t<\/div>\n\t\t","protected":false},"excerpt":{"rendered":"<p>Publicaciones Los miembros de la Red CONBIAND tienen una actividad cient\u00edfica que se refleja en su participaci\u00f3n en congresos, direcci\u00f3n de tesis doctorales y publicaci\u00f3n en colaboraci\u00f3n con otros autores en revistas de marcado inter\u00e9s cient\u00edfico. Revista AICA Actas Iberoamericanas de Conservaci\u00f3n Animal (AICA) es la revista oficial de la Red CONBIAND.Es la publicaci\u00f3n cient\u00edfica [&hellip;]<\/p>\n","protected":false},"author":1,"featured_media":0,"parent":0,"menu_order":0,"comment_status":"closed","ping_status":"closed","template":"","meta":{"site-sidebar-layout":"no-sidebar","site-content-layout":"page-builder","ast-site-content-layout":"default","site-content-style":"default","site-sidebar-style":"default","ast-global-header-display":"","ast-banner-title-visibility":"","ast-main-header-display":"","ast-hfb-above-header-display":"","ast-hfb-below-header-display":"","ast-hfb-mobile-header-display":"","site-post-title":"disabled","ast-breadcrumbs-content":"","ast-featured-img":"disabled","footer-sml-layout":"","ast-disable-related-posts":"","theme-transparent-header-meta":"default","adv-header-id-meta":"","stick-header-meta":"","header-above-stick-meta":"","header-main-stick-meta":"","header-below-stick-meta":"","astra-migrate-meta-layouts":"default","ast-page-background-enabled":"default","ast-page-background-meta":{"desktop":{"background-color":"var(--ast-global-color-4)","background-image":"","background-repeat":"repeat","background-position":"center center","background-size":"auto","background-attachment":"scroll","background-type":"","background-media":"","overlay-type":"","overlay-color":"","overlay-opacity":"","overlay-gradient":""},"tablet":{"background-color":"","background-image":"","background-repeat":"repeat","background-position":"center center","background-size":"auto","background-attachment":"scroll","background-type":"","background-media":"","overlay-type":"","overlay-color":"","overlay-opacity":"","overlay-gradient":""},"mobile":{"background-color":"","background-image":"","background-repeat":"repeat","background-position":"center center","background-size":"auto","background-attachment":"scroll","background-type":"","background-media":"","overlay-type":"","overlay-color":"","overlay-opacity":"","overlay-gradient":""}},"ast-content-background-meta":{"desktop":{"background-color":"var(--ast-global-color-5)","background-image":"","background-repeat":"repeat","background-position":"center center","background-size":"auto","background-attachment":"scroll","background-type":"","background-media":"","overlay-type":"","overlay-color":"","overlay-opacity":"","overlay-gradient":""},"tablet":{"background-color":"var(--ast-global-color-5)","background-image":"","background-repeat":"repeat","background-position":"center center","background-size":"auto","background-attachment":"scroll","background-type":"","background-media":"","overlay-type":"","overlay-color":"","overlay-opacity":"","overlay-gradient":""},"mobile":{"background-color":"var(--ast-global-color-5)","background-image":"","background-repeat":"repeat","background-position":"center center","background-size":"auto","background-attachment":"scroll","background-type":"","background-media":"","overlay-type":"","overlay-color":"","overlay-opacity":"","overlay-gradient":""}},"ngg_post_thumbnail":0,"footnotes":""},"class_list":["post-562","page","type-page","status-publish","hentry"],"_links":{"self":[{"href":"https:\/\/conbiand.site\/index.php?rest_route=\/wp\/v2\/pages\/562","targetHints":{"allow":["GET"]}}],"collection":[{"href":"https:\/\/conbiand.site\/index.php?rest_route=\/wp\/v2\/pages"}],"about":[{"href":"https:\/\/conbiand.site\/index.php?rest_route=\/wp\/v2\/types\/page"}],"author":[{"embeddable":true,"href":"https:\/\/conbiand.site\/index.php?rest_route=\/wp\/v2\/users\/1"}],"replies":[{"embeddable":true,"href":"https:\/\/conbiand.site\/index.php?rest_route=%2Fwp%2Fv2%2Fcomments&post=562"}],"version-history":[{"count":49,"href":"https:\/\/conbiand.site\/index.php?rest_route=\/wp\/v2\/pages\/562\/revisions"}],"predecessor-version":[{"id":818,"href":"https:\/\/conbiand.site\/index.php?rest_route=\/wp\/v2\/pages\/562\/revisions\/818"}],"wp:attachment":[{"href":"https:\/\/conbiand.site\/index.php?rest_route=%2Fwp%2Fv2%2Fmedia&parent=562"}],"curies":[{"name":"wp","href":"https:\/\/api.w.org\/{rel}","templated":true}]}}