{"id":2320,"date":"2022-06-07T11:52:17","date_gmt":"2022-06-07T09:52:17","guid":{"rendered":"https:\/\/conbiand.site\/?page_id=2320"},"modified":"2025-10-08T09:25:16","modified_gmt":"2025-10-08T07:25:16","slug":"actas-de-las-asambleas","status":"publish","type":"page","link":"https:\/\/conbiand.site\/?page_id=2320","title":{"rendered":"Actas de las asambleas"},"content":{"rendered":"\t\t<div data-elementor-type=\"wp-page\" data-elementor-id=\"2320\" class=\"elementor elementor-2320\">\n\t\t\t\t\t\t<section class=\"elementor-section elementor-top-section elementor-element elementor-element-eb5a46e elementor-section-boxed elementor-section-height-default elementor-section-height-default\" data-id=\"eb5a46e\" data-element_type=\"section\" data-e-type=\"section\">\n\t\t\t\t\t\t<div class=\"elementor-container elementor-column-gap-default\">\n\t\t\t\t\t<div class=\"elementor-column elementor-col-100 elementor-top-column elementor-element elementor-element-871e607\" data-id=\"871e607\" data-element_type=\"column\" data-e-type=\"column\">\n\t\t\t<div class=\"elementor-widget-wrap elementor-element-populated\">\n\t\t\t\t\t\t<div class=\"elementor-element elementor-element-262a749 elementor-widget elementor-widget-heading\" data-id=\"262a749\" data-element_type=\"widget\" data-e-type=\"widget\" data-widget_type=\"heading.default\">\n\t\t\t\t<div class=\"elementor-widget-container\">\n\t\t\t\t\t<h2 class=\"elementor-heading-title elementor-size-default\">Actas de las asambleas de la Red CONBIAND<\/h2>\t\t\t\t<\/div>\n\t\t\t\t<\/div>\n\t\t\t\t\t<\/div>\n\t\t<\/div>\n\t\t\t\t\t<\/div>\n\t\t<\/section>\n\t\t\t\t<section class=\"elementor-section elementor-top-section elementor-element elementor-element-0fdad21 elementor-section-boxed elementor-section-height-default elementor-section-height-default\" data-id=\"0fdad21\" data-element_type=\"section\" data-e-type=\"section\">\n\t\t\t\t\t\t<div class=\"elementor-container elementor-column-gap-default\">\n\t\t\t\t\t<div class=\"elementor-column elementor-col-100 elementor-top-column elementor-element elementor-element-d58399f\" data-id=\"d58399f\" data-element_type=\"column\" data-e-type=\"column\">\n\t\t\t<div class=\"elementor-widget-wrap elementor-element-populated\">\n\t\t\t\t\t\t<div class=\"elementor-element elementor-element-d87b1a1 elementor-widget-divider--view-line elementor-widget elementor-widget-divider\" data-id=\"d87b1a1\" data-element_type=\"widget\" data-e-type=\"widget\" data-widget_type=\"divider.default\">\n\t\t\t\t<div class=\"elementor-widget-container\">\n\t\t\t\t\t\t\t<div class=\"elementor-divider\">\n\t\t\t<span class=\"elementor-divider-separator\">\n\t\t\t\t\t\t<\/span>\n\t\t<\/div>\n\t\t\t\t\t\t<\/div>\n\t\t\t\t<\/div>\n\t\t\t\t\t<\/div>\n\t\t<\/div>\n\t\t\t\t\t<\/div>\n\t\t<\/section>\n\t\t\t\t<section class=\"elementor-section elementor-top-section elementor-element elementor-element-1c052c1 elementor-section-boxed elementor-section-height-default elementor-section-height-default\" data-id=\"1c052c1\" data-element_type=\"section\" data-e-type=\"section\">\n\t\t\t\t\t\t<div class=\"elementor-container elementor-column-gap-default\">\n\t\t\t\t\t<div class=\"elementor-column elementor-col-100 elementor-top-column elementor-element elementor-element-04c8fcd\" data-id=\"04c8fcd\" data-element_type=\"column\" data-e-type=\"column\">\n\t\t\t<div class=\"elementor-widget-wrap elementor-element-populated\">\n\t\t\t\t\t\t<div class=\"elementor-element elementor-element-81d06cc elementor-widget elementor-widget-pdf_viewer\" data-id=\"81d06cc\" data-element_type=\"widget\" data-e-type=\"widget\" data-widget_type=\"pdf_viewer.default\">\n\t\t\t\t<div class=\"elementor-widget-container\">\n\t\t\t\t\t<iframe src=\"https:\/\/docs.google.com\/viewer?url=http:\/\/conbiand.site\/wp-content\/uploads\/2025\/10\/ACTA-EXTRAORDINARIA-CONBIAND-2024.pdf&amp;embedded=true\" style=\"display: block; margin-left: auto; margin-right: auto; width: 800px; height: 1020px;\" frameborder=\"1\" marginheight=\"0px\" marginwidth=\"0px\" allowfullscreen><\/iframe>\t\t\t\t<\/div>\n\t\t\t\t<\/div>\n\t\t\t\t\t<\/div>\n\t\t<\/div>\n\t\t\t\t\t<\/div>\n\t\t<\/section>\n\t\t\t\t<section class=\"elementor-section elementor-top-section elementor-element elementor-element-5c0b8f3 elementor-section-boxed elementor-section-height-default elementor-section-height-default\" data-id=\"5c0b8f3\" data-element_type=\"section\" data-e-type=\"section\">\n\t\t\t\t\t\t<div class=\"elementor-container elementor-column-gap-default\">\n\t\t\t\t\t<div class=\"elementor-column elementor-col-100 elementor-top-column elementor-element elementor-element-6ff89bd\" data-id=\"6ff89bd\" data-element_type=\"column\" data-e-type=\"column\">\n\t\t\t<div class=\"elementor-widget-wrap elementor-element-populated\">\n\t\t\t\t\t\t<div class=\"elementor-element elementor-element-ab8939a elementor-widget-divider--view-line elementor-widget elementor-widget-divider\" data-id=\"ab8939a\" data-element_type=\"widget\" data-e-type=\"widget\" data-widget_type=\"divider.default\">\n\t\t\t\t<div class=\"elementor-widget-container\">\n\t\t\t\t\t\t\t<div class=\"elementor-divider\">\n\t\t\t<span class=\"elementor-divider-separator\">\n\t\t\t\t\t\t<\/span>\n\t\t<\/div>\n\t\t\t\t\t\t<\/div>\n\t\t\t\t<\/div>\n\t\t\t\t\t<\/div>\n\t\t<\/div>\n\t\t\t\t\t<\/div>\n\t\t<\/section>\n\t\t\t\t<section class=\"elementor-section elementor-top-section elementor-element elementor-element-802e6f0 elementor-section-boxed elementor-section-height-default elementor-section-height-default\" data-id=\"802e6f0\" data-element_type=\"section\" data-e-type=\"section\">\n\t\t\t\t\t\t<div class=\"elementor-container elementor-column-gap-default\">\n\t\t\t\t\t<div class=\"elementor-column elementor-col-100 elementor-top-column elementor-element elementor-element-2e3fc39\" data-id=\"2e3fc39\" data-element_type=\"column\" data-e-type=\"column\">\n\t\t\t<div class=\"elementor-widget-wrap elementor-element-populated\">\n\t\t\t\t\t\t<div class=\"elementor-element elementor-element-32db467 elementor-widget elementor-widget-pdf_viewer\" data-id=\"32db467\" data-element_type=\"widget\" data-e-type=\"widget\" data-widget_type=\"pdf_viewer.default\">\n\t\t\t\t<div class=\"elementor-widget-container\">\n\t\t\t\t\t<iframe src=\"https:\/\/docs.google.com\/viewer?url=http:\/\/conbiand.site\/wp-content\/uploads\/2025\/10\/ACTA-CONBIAND-2024.pdf&amp;embedded=true\" style=\"display: block; margin-left: auto; margin-right: auto; width: 800px; height: 1020px;\" frameborder=\"1\" marginheight=\"0px\" marginwidth=\"0px\" allowfullscreen><\/iframe>\t\t\t\t<\/div>\n\t\t\t\t<\/div>\n\t\t\t\t\t<\/div>\n\t\t<\/div>\n\t\t\t\t\t<\/div>\n\t\t<\/section>\n\t\t\t\t<section class=\"elementor-section elementor-top-section elementor-element elementor-element-cafdce5 elementor-section-boxed elementor-section-height-default elementor-section-height-default\" data-id=\"cafdce5\" data-element_type=\"section\" data-e-type=\"section\">\n\t\t\t\t\t\t<div class=\"elementor-container elementor-column-gap-default\">\n\t\t\t\t\t<div class=\"elementor-column elementor-col-100 elementor-top-column elementor-element elementor-element-70fdfc2\" data-id=\"70fdfc2\" data-element_type=\"column\" data-e-type=\"column\">\n\t\t\t<div class=\"elementor-widget-wrap elementor-element-populated\">\n\t\t\t\t\t\t<div class=\"elementor-element elementor-element-92214b4 elementor-widget-divider--view-line elementor-widget elementor-widget-divider\" data-id=\"92214b4\" data-element_type=\"widget\" data-e-type=\"widget\" data-widget_type=\"divider.default\">\n\t\t\t\t<div class=\"elementor-widget-container\">\n\t\t\t\t\t\t\t<div class=\"elementor-divider\">\n\t\t\t<span class=\"elementor-divider-separator\">\n\t\t\t\t\t\t<\/span>\n\t\t<\/div>\n\t\t\t\t\t\t<\/div>\n\t\t\t\t<\/div>\n\t\t\t\t\t<\/div>\n\t\t<\/div>\n\t\t\t\t\t<\/div>\n\t\t<\/section>\n\t\t\t\t<section class=\"elementor-section elementor-top-section elementor-element elementor-element-7f201bb elementor-section-boxed elementor-section-height-default elementor-section-height-default\" data-id=\"7f201bb\" data-element_type=\"section\" data-e-type=\"section\">\n\t\t\t\t\t\t<div class=\"elementor-container elementor-column-gap-default\">\n\t\t\t\t\t<div class=\"elementor-column elementor-col-50 elementor-top-column elementor-element elementor-element-998b578\" data-id=\"998b578\" data-element_type=\"column\" data-e-type=\"column\">\n\t\t\t<div class=\"elementor-widget-wrap elementor-element-populated\">\n\t\t\t\t\t\t<div class=\"elementor-element elementor-element-d480b6a elementor-widget elementor-widget-image\" data-id=\"d480b6a\" data-element_type=\"widget\" data-e-type=\"widget\" data-widget_type=\"image.default\">\n\t\t\t\t<div class=\"elementor-widget-container\">\n\t\t\t\t\t\t\t\t\t\t\t\t\t\t\t<img fetchpriority=\"high\" decoding=\"async\" width=\"429\" height=\"550\" src=\"https:\/\/conbiand.site\/wp-content\/uploads\/2022\/06\/actas.jpg\" class=\"attachment-large size-large wp-image-2322\" alt=\"\" srcset=\"https:\/\/conbiand.site\/wp-content\/uploads\/2022\/06\/actas.jpg 429w, https:\/\/conbiand.site\/wp-content\/uploads\/2022\/06\/actas-234x300.jpg 234w\" sizes=\"(max-width: 429px) 100vw, 429px\" \/>\t\t\t\t\t\t\t\t\t\t\t\t\t\t\t<\/div>\n\t\t\t\t<\/div>\n\t\t\t\t\t<\/div>\n\t\t<\/div>\n\t\t\t\t<div class=\"elementor-column elementor-col-50 elementor-top-column elementor-element elementor-element-19664df\" data-id=\"19664df\" data-element_type=\"column\" data-e-type=\"column\">\n\t\t\t<div class=\"elementor-widget-wrap elementor-element-populated\">\n\t\t\t\t\t\t<div class=\"elementor-element elementor-element-6fd4128 elementor-widget elementor-widget-text-editor\" data-id=\"6fd4128\" data-element_type=\"widget\" data-e-type=\"widget\" data-widget_type=\"text-editor.default\">\n\t\t\t\t<div class=\"elementor-widget-container\">\n\t\t\t\t\t\t\t\t\t<ul><li><a href=\"https:\/\/conbiand.site\/Actas\/2018EcuadorOrd.pdf\" target=\"_blank\" rel=\"noopener\">2018 Ecuador (ordinaria).<\/a><\/li><li><a href=\"https:\/\/conbiand.site\/Actas\/2018EcuadorExt.pdf\" target=\"_blank\" rel=\"noopener\">2018 Ecuador (extraordinaria).<\/a><\/li><li><a href=\"https:\/\/conbiand.site\/Actas\/2017Ecuador.pdf\" target=\"_blank\" rel=\"noopener\">2017 Guatemala.<\/a><\/li><li><a href=\"https:\/\/conbiand.site\/Actas\/2016Argentina.pdf\" target=\"_blank\" rel=\"noopener\">2016 Argentina.<\/a><\/li><li><a href=\"https:\/\/conbiand.site\/Actas\/2015Colombia.pdf\" target=\"_blank\" rel=\"noopener\">2015 Colombia.<\/a><\/li><li><a href=\"https:\/\/conbiand.site\/Actas\/2018MexicoOrd.pdf\" target=\"_blank\" rel=\"noopener\">2014 M\u00e9xico (ordinaria).<\/a><\/li><li><a href=\"https:\/\/conbiand.site\/Actas\/2014MexicoExt.pdf\" target=\"_blank\" rel=\"noopener\">2014 M\u00e9xico (extraordinaria).<\/a><\/li><li><a href=\"https:\/\/conbiand.site\/Actas\/2013Chile.pdf\" target=\"_blank\" rel=\"noopener\">2013 Chile.<\/a><\/li><li><a href=\"http:\/\/2012Paraguay.pdf\" target=\"_blank\" rel=\"noopener\">2012 Paraguay<\/a>.<\/li><li><a href=\"https:\/\/conbiand.site\/Actas\/2011Panama.pdf\" target=\"_blank\" rel=\"noopener\">2011 Panam\u00e1.<\/a><\/li><li><a href=\"https:\/\/conbiand.site\/Actas\/2010Brasil.pdf\" target=\"_blank\" rel=\"noopener\">2010 Brasil.<\/a><\/li><li><a href=\"https:\/\/conbiand.site\/Actas\/2008Argentina.pdf\" target=\"_blank\" rel=\"noopener\">2008 Argentina.<\/a><\/li><\/ul>\t\t\t\t\t\t\t\t<\/div>\n\t\t\t\t<\/div>\n\t\t\t\t\t<\/div>\n\t\t<\/div>\n\t\t\t\t\t<\/div>\n\t\t<\/section>\n\t\t\t\t<section class=\"elementor-section elementor-top-section elementor-element elementor-element-6cdd506 elementor-section-boxed elementor-section-height-default elementor-section-height-default\" data-id=\"6cdd506\" data-element_type=\"section\" data-e-type=\"section\">\n\t\t\t\t\t\t<div class=\"elementor-container elementor-column-gap-default\">\n\t\t\t\t\t<div class=\"elementor-column elementor-col-50 elementor-top-column elementor-element elementor-element-5108faa\" data-id=\"5108faa\" data-element_type=\"column\" data-e-type=\"column\">\n\t\t\t<div class=\"elementor-widget-wrap elementor-element-populated\">\n\t\t\t\t\t\t<div class=\"elementor-element elementor-element-6765c9b elementor-widget elementor-widget-image\" data-id=\"6765c9b\" data-element_type=\"widget\" data-e-type=\"widget\" data-widget_type=\"image.default\">\n\t\t\t\t<div class=\"elementor-widget-container\">\n\t\t\t\t\t\t\t\t\t\t\t\t\t\t\t<img decoding=\"async\" width=\"1024\" height=\"362\" src=\"https:\/\/conbiand.site\/wp-content\/uploads\/2022\/06\/actaconst-1024x362.png\" class=\"attachment-large size-large wp-image-2354\" alt=\"\" srcset=\"https:\/\/conbiand.site\/wp-content\/uploads\/2022\/06\/actaconst-1024x362.png 1024w, https:\/\/conbiand.site\/wp-content\/uploads\/2022\/06\/actaconst-300x106.png 300w, https:\/\/conbiand.site\/wp-content\/uploads\/2022\/06\/actaconst-768x271.png 768w, https:\/\/conbiand.site\/wp-content\/uploads\/2022\/06\/actaconst.png 1240w\" sizes=\"(max-width: 1024px) 100vw, 1024px\" \/>\t\t\t\t\t\t\t\t\t\t\t\t\t\t\t<\/div>\n\t\t\t\t<\/div>\n\t\t\t\t\t<\/div>\n\t\t<\/div>\n\t\t\t\t<div class=\"elementor-column elementor-col-50 elementor-top-column elementor-element elementor-element-e84bdfa\" data-id=\"e84bdfa\" data-element_type=\"column\" data-e-type=\"column\">\n\t\t\t<div class=\"elementor-widget-wrap elementor-element-populated\">\n\t\t\t\t\t\t<div class=\"elementor-element elementor-element-9205e24 elementor-widget elementor-widget-text-editor\" data-id=\"9205e24\" data-element_type=\"widget\" data-e-type=\"widget\" data-widget_type=\"text-editor.default\">\n\t\t\t\t<div class=\"elementor-widget-container\">\n\t\t\t\t\t\t\t\t\t<h4><a href=\"https:\/\/conbiand.site\/Actas\/ESTATUTOS.pdf\" target=\"_blank\" rel=\"noopener\">Acta fundacional de la Red CONBIAND (29\/02\/2008)\u00a0 y Estatutos Fundacionales<\/a><\/h4>\t\t\t\t\t\t\t\t<\/div>\n\t\t\t\t<\/div>\n\t\t\t\t\t<\/div>\n\t\t<\/div>\n\t\t\t\t\t<\/div>\n\t\t<\/section>\n\t\t\t\t<\/div>\n\t\t","protected":false},"excerpt":{"rendered":"<p>Actas de las asambleas de la Red CONBIAND 2018 Ecuador (ordinaria). 2018 Ecuador (extraordinaria). 2017 Guatemala. 2016 Argentina. 2015 Colombia. 2014 M\u00e9xico (ordinaria). 2014 M\u00e9xico (extraordinaria). 2013 Chile. 2012 Paraguay. 2011 Panam\u00e1. 2010 Brasil. 2008 Argentina. Acta fundacional de la Red CONBIAND (29\/02\/2008)\u00a0 y Estatutos Fundacionales<\/p>\n","protected":false},"author":1,"featured_media":0,"parent":0,"menu_order":0,"comment_status":"closed","ping_status":"closed","template":"","meta":{"site-sidebar-layout":"no-sidebar","site-content-layout":"page-builder","ast-site-content-layout":"default","site-content-style":"default","site-sidebar-style":"default","ast-global-header-display":"","ast-banner-title-visibility":"","ast-main-header-display":"","ast-hfb-above-header-display":"","ast-hfb-below-header-display":"","ast-hfb-mobile-header-display":"","site-post-title":"disabled","ast-breadcrumbs-content":"","ast-featured-img":"disabled","footer-sml-layout":"","ast-disable-related-posts":"","theme-transparent-header-meta":"default","adv-header-id-meta":"","stick-header-meta":"","header-above-stick-meta":"","header-main-stick-meta":"","header-below-stick-meta":"","astra-migrate-meta-layouts":"default","ast-page-background-enabled":"default","ast-page-background-meta":{"desktop":{"background-color":"var(--ast-global-color-4)","background-image":"","background-repeat":"repeat","background-position":"center center","background-size":"auto","background-attachment":"scroll","background-type":"","background-media":"","overlay-type":"","overlay-color":"","overlay-opacity":"","overlay-gradient":""},"tablet":{"background-color":"","background-image":"","background-repeat":"repeat","background-position":"center center","background-size":"auto","background-attachment":"scroll","background-type":"","background-media":"","overlay-type":"","overlay-color":"","overlay-opacity":"","overlay-gradient":""},"mobile":{"background-color":"","background-image":"","background-repeat":"repeat","background-position":"center center","background-size":"auto","background-attachment":"scroll","background-type":"","background-media":"","overlay-type":"","overlay-color":"","overlay-opacity":"","overlay-gradient":""}},"ast-content-background-meta":{"desktop":{"background-color":"var(--ast-global-color-5)","background-image":"","background-repeat":"repeat","background-position":"center center","background-size":"auto","background-attachment":"scroll","background-type":"","background-media":"","overlay-type":"","overlay-color":"","overlay-opacity":"","overlay-gradient":""},"tablet":{"background-color":"var(--ast-global-color-5)","background-image":"","background-repeat":"repeat","background-position":"center center","background-size":"auto","background-attachment":"scroll","background-type":"","background-media":"","overlay-type":"","overlay-color":"","overlay-opacity":"","overlay-gradient":""},"mobile":{"background-color":"var(--ast-global-color-5)","background-image":"","background-repeat":"repeat","background-position":"center center","background-size":"auto","background-attachment":"scroll","background-type":"","background-media":"","overlay-type":"","overlay-color":"","overlay-opacity":"","overlay-gradient":""}},"ngg_post_thumbnail":0,"footnotes":""},"class_list":["post-2320","page","type-page","status-publish","hentry"],"_links":{"self":[{"href":"https:\/\/conbiand.site\/index.php?rest_route=\/wp\/v2\/pages\/2320","targetHints":{"allow":["GET"]}}],"collection":[{"href":"https:\/\/conbiand.site\/index.php?rest_route=\/wp\/v2\/pages"}],"about":[{"href":"https:\/\/conbiand.site\/index.php?rest_route=\/wp\/v2\/types\/page"}],"author":[{"embeddable":true,"href":"https:\/\/conbiand.site\/index.php?rest_route=\/wp\/v2\/users\/1"}],"replies":[{"embeddable":true,"href":"https:\/\/conbiand.site\/index.php?rest_route=%2Fwp%2Fv2%2Fcomments&post=2320"}],"version-history":[{"count":49,"href":"https:\/\/conbiand.site\/index.php?rest_route=\/wp\/v2\/pages\/2320\/revisions"}],"predecessor-version":[{"id":7257,"href":"https:\/\/conbiand.site\/index.php?rest_route=\/wp\/v2\/pages\/2320\/revisions\/7257"}],"wp:attachment":[{"href":"https:\/\/conbiand.site\/index.php?rest_route=%2Fwp%2Fv2%2Fmedia&parent=2320"}],"curies":[{"name":"wp","href":"https:\/\/api.w.org\/{rel}","templated":true}]}}